{"id":658,"date":"2024-12-20T13:41:55","date_gmt":"2024-12-20T12:41:55","guid":{"rendered":"https:\/\/urbaninput.es\/legacy\/"},"modified":"2025-02-10T10:17:48","modified_gmt":"2025-02-10T09:17:48","slug":"nuestro-legado","status":"publish","type":"page","link":"https:\/\/urbaninput.es\/es\/nuestro-legado\/","title":{"rendered":"Nuestro legado"},"content":{"rendered":"      <div class=\"module--hero scroll--panel relative z-1 top-0 w-full h-full overflow-hidden max-w-mw mx-auto px-24 lg:px-8_46vw mw:px-128 pt-200 lg:pt-14_28vw mw:pt-216 pb-80 lg:pb-8_99vw mw:pb-136 flex flex-col lg:flex-row-reverse justify-between lg:items-end gap-80 lg:gap-5_29vw mw:gap-80\" data-dark-header>\n                <h1 class=\"hero--title w-full font-medium text-32-36 lg:text-3_96vw-4_23vw mw:text-60-64\">Nuestro legado<\/h1>      <\/div>\n\n    \n\n    <div class=\"module--info-background scroll--panel block relative w-full lg:min-h-100vh\">\n              <div class=\"swiperXXX sw--legacyXXX relative z-0 lg:min-h-100vh lg:h-full\">\n          <div class=\"swiper-wrapper items-end lg:min-h-100vh lg:h-full\">\n\n            <div class=\"swiper-slide block lg:min-h-100vh lg:h-full\">\n                            <picture class=\"absolute z-0 block w-full h-full lg:min-h-100vh filter--black\">\n                <source media=\"(min-width: 360px)\" srcset=\"https:\/\/urbaninput.es\/wp-content\/uploads\/2025\/01\/legacy-taking-responsibility-1024x590.webp, https:\/\/urbaninput.es\/wp-content\/uploads\/2025\/01\/legacy-taking-responsibility.webp 2x\">\n                <img decoding=\"async\" class=\"block w-full h-full lg:min-h-100vh object-cover object-center\" alt=\"\" src=\"https:\/\/urbaninput.es\/wp-content\/uploads\/2025\/01\/legacy-taking-responsibility-1024x590.webp\" srcset=\"https:\/\/urbaninput.es\/wp-content\/uploads\/2025\/01\/legacy-taking-responsibility.webp 2x\">\t\t\t\t      \n              <\/picture>\n              <div class=\"relative z-1 flex flex-col lg:flex-row justify-end lg:justify-between lg:items-end w-full h-full lg:min-h-82vhXXX lg:min-h-100vh max-w-mw mx-auto pt-128 lg:pt-5_29vw mw:pt-80 pb-104 lg:pb-11_64vw mw:pb-176 px-24 lg:px-8_46vw mw:px-128\">\n                <h2 class=\"appear--lines-x-toleftXXX block w-full lg:w-1\/3 mw:w-full h-auto max-w-416 font-medium text-white text-32-36 lg:text-3_70vw-3_96vw mw:text-56-60 pb-48 lg:pb-0\">Aceptamos la responsabilidad del legado que generamos<\/h2>                <div class=\"block w-full lg:w-40% max-w-505\">\n                  <p class=\"appear--words-x-toleft pb-28 lg:pb-1_85vw mw:pb-28 last:pb-0 text-white text-16-20 lg:text-1_05vw-1_32vw mw:text-16-20\">La mayor\u00eda de las personas pasa alrededor del 85 % de su tiempo en edificios. Sabemos que, como parte del ecosistema natural, los seres humanos experimentan menos estr\u00e9s en entornos naturales. Adem\u00e1s, somos seres sociales. La vida \u00fatil de la mayor\u00eda de los edificios oscila entre 50 y 500 a\u00f1os.<\/p>\n<p class=\"appear--words-x-toleft pb-28 lg:pb-1_85vw mw:pb-28 last:pb-0 text-white text-16-20 lg:text-1_05vw-1_32vw mw:text-16-20\">En Urban Input, actuamos como creadores y guardianes de nuestro entorno construido.<\/p>\n<p class=\"appear--words-x-toleft pb-28 lg:pb-1_85vw mw:pb-28 last:pb-0 text-white text-16-20 lg:text-1_05vw-1_32vw mw:text-16-20\">Por ello, nuestros equipos son conscientes de este legado y piensan en el dise\u00f1o y en nuestras acciones en esos t\u00e9rminos. No solo consideramos la mejora del capital financiero de un proyecto, sino tambi\u00e9n la promoci\u00f3n de la resiliencia a largo plazo. Aprovechamos los recursos de la manera m\u00e1s eficiente posible. Valoramos la singularidad de cada proyecto y su ubicaci\u00f3n, lo que nos lleva a evitar un enfoque uniforme en relaci\u00f3n con la sostenibilidad.<\/p>\n<p class=\"appear--words-x-toleft pb-28 lg:pb-1_85vw mw:pb-28 last:pb-0 text-white text-16-20 lg:text-1_05vw-1_32vw mw:text-16-20\">A trav\u00e9s de nuestros proyectos, impactamos a muchas personas y comunidades a lo largo de sus vidas. Nos esforzamos por identificarlas y reflexionamos sobre sus necesidades, as\u00ed como sobre lo que puede beneficiarles o incomodarlos al iniciar un proyecto. Al establecer conexiones y empat\u00eda con nuestros proyectos y sus habitantes, aseguramos resiliencia y valor a largo plazo.<\/p>\n<p class=\"appear--words-x-toleft pb-28 lg:pb-1_85vw mw:pb-28 last:pb-0 text-white text-16-20 lg:text-1_05vw-1_32vw mw:text-16-20\">Es cierto que nuestros proyectos poseen certificaciones, pero tambi\u00e9n sabemos que estas evolucionan y no deben ser el motor de nuestras iniciativas de sostenibilidad, sino su validaci\u00f3n.<\/p>\n<p class=\"appear--words-x-toleft pb-28 lg:pb-1_85vw mw:pb-28 last:pb-0 text-white text-16-20 lg:text-1_05vw-1_32vw mw:text-16-20\">Nos manifestamos a trav\u00e9s de nuestros proyectos, donde podemos generar el mayor impacto y llevar a cabo nuestras acciones m\u00e1s efectivas. Dicho esto, nuestra cultura empresarial es lo que nos sustenta y prepara para lograrlo.<\/p>\n<p class=\"appear--words-x-toleft pb-28 lg:pb-1_85vw mw:pb-28 last:pb-0 text-white text-16-20 lg:text-1_05vw-1_32vw mw:text-16-20\">Este es un proceso extenso y seguimos aprendiendo en el camino.<\/p>\n                <\/div>\n              <\/div>\n            \n            <\/div><!-- .swiper-slide -->\n          \n          <\/div><!-- .swiper-wrapper -->\n\n                    <div class=\"hidden absolute z-1 left-1\/2 -translate-x-1\/2 bottom-40 lg:bottom-5_29vw mw:bottom-80 flexXXX gap-8 w-full h-24 max-w-mw mx-auto px-24 lg:px-8_46vw mw:px-128\">\n            <svg class=\"swiper-button-prev\" xmlns=\"http:\/\/www.w3.org\/2000\/svg\" fill=\"none\" viewBox=\"0 0 24 24\"><path fill=\"#B7B7B7\" d=\"m4 12-.707-.707-.707.707.707.707L4 12Zm15 1a1 1 0 1 0 0-2v2ZM9.293 5.293l-6 6 1.414 1.414 6-6-1.414-1.414Zm-6 7.414 6 6 1.414-1.414-6-6-1.414 1.414ZM4 13h15v-2H4v2Z\"\/><\/svg>\n            <svg class=\"swiper-button-next rotate-180\" xmlns=\"http:\/\/www.w3.org\/2000\/svg\" fill=\"none\" viewBox=\"0 0 24 24\"><path fill=\"#B7B7B7\" d=\"m4 12-.707-.707-.707.707.707.707L4 12Zm15 1a1 1 0 1 0 0-2v2ZM9.293 5.293l-6 6 1.414 1.414 6-6-1.414-1.414Zm-6 7.414 6 6 1.414-1.414-6-6-1.414 1.414ZM4 13h15v-2H4v2Z\"\/><\/svg>\n          <\/div>\n          \n        <\/div><!-- .swiper -->\n            \n    <\/div>\n  ","protected":false},"excerpt":{"rendered":"","protected":false},"author":1,"featured_media":0,"parent":0,"menu_order":0,"comment_status":"closed","ping_status":"closed","template":"page-dynamic.php","meta":{"_acf_changed":false,"footnotes":""},"class_list":["post-658","page","type-page","status-publish","hentry"],"acf":[],"yoast_head":"<!-- This site is optimized with the Yoast SEO plugin v24.3 - https:\/\/yoast.com\/wordpress\/plugins\/seo\/ -->\n<title>Nuestra experiencia &amp; ASG - Ambientales, Sociales y de Gobernanza | Urban input<\/title>\n<meta name=\"description\" content=\"Nos manifestamos a trav\u00e9s de nuestros proyectos, donde podemos generar el mayor impacto y llevar a cabo nuestras acciones m\u00e1s efectivas.\" \/>\n<meta name=\"robots\" content=\"index, follow, max-snippet:-1, max-image-preview:large, max-video-preview:-1\" \/>\n<link rel=\"canonical\" href=\"https:\/\/urbaninput.es\/es\/nuestro-legado\/\" \/>\n<meta property=\"og:locale\" content=\"es_ES\" \/>\n<meta property=\"og:type\" content=\"article\" \/>\n<meta property=\"og:title\" content=\"Nuestra experiencia &amp; ASG - Ambientales, Sociales y de Gobernanza | Urban input\" \/>\n<meta property=\"og:description\" content=\"Nos manifestamos a trav\u00e9s de nuestros proyectos, donde podemos generar el mayor impacto y llevar a cabo nuestras acciones m\u00e1s efectivas.\" \/>\n<meta property=\"og:url\" content=\"https:\/\/urbaninput.es\/es\/nuestro-legado\/\" \/>\n<meta property=\"og:site_name\" content=\"Urban Input\" \/>\n<meta property=\"article:modified_time\" content=\"2025-02-10T09:17:48+00:00\" \/>\n<meta name=\"twitter:card\" content=\"summary_large_image\" \/>\n<script type=\"application\/ld+json\" class=\"yoast-schema-graph\">{\"@context\":\"https:\/\/schema.org\",\"@graph\":[{\"@type\":\"WebPage\",\"@id\":\"https:\/\/urbaninput.es\/es\/nuestro-legado\/\",\"url\":\"https:\/\/urbaninput.es\/es\/nuestro-legado\/\",\"name\":\"Nuestra experiencia & ASG - Ambientales, Sociales y de Gobernanza | Urban input\",\"isPartOf\":{\"@id\":\"https:\/\/urbaninput.es\/#website\"},\"datePublished\":\"2024-12-20T12:41:55+00:00\",\"dateModified\":\"2025-02-10T09:17:48+00:00\",\"description\":\"Nos manifestamos a trav\u00e9s de nuestros proyectos, donde podemos generar el mayor impacto y llevar a cabo nuestras acciones m\u00e1s efectivas.\",\"breadcrumb\":{\"@id\":\"https:\/\/urbaninput.es\/es\/nuestro-legado\/#breadcrumb\"},\"inLanguage\":\"es\",\"potentialAction\":[{\"@type\":\"ReadAction\",\"target\":[\"https:\/\/urbaninput.es\/es\/nuestro-legado\/\"]}]},{\"@type\":\"BreadcrumbList\",\"@id\":\"https:\/\/urbaninput.es\/es\/nuestro-legado\/#breadcrumb\",\"itemListElement\":[{\"@type\":\"ListItem\",\"position\":1,\"name\":\"Home\",\"item\":\"https:\/\/urbaninput.es\/es\/\"},{\"@type\":\"ListItem\",\"position\":2,\"name\":\"Nuestro legado\"}]},{\"@type\":\"WebSite\",\"@id\":\"https:\/\/urbaninput.es\/#website\",\"url\":\"https:\/\/urbaninput.es\/\",\"name\":\"Urban Input\",\"description\":\"\",\"potentialAction\":[{\"@type\":\"SearchAction\",\"target\":{\"@type\":\"EntryPoint\",\"urlTemplate\":\"https:\/\/urbaninput.es\/?s={search_term_string}\"},\"query-input\":{\"@type\":\"PropertyValueSpecification\",\"valueRequired\":true,\"valueName\":\"search_term_string\"}}],\"inLanguage\":\"es\"}]}<\/script>\n<!-- \/ Yoast SEO plugin. -->","yoast_head_json":{"title":"Nuestra experiencia & ASG - Ambientales, Sociales y de Gobernanza | Urban input","description":"Nos manifestamos a trav\u00e9s de nuestros proyectos, donde podemos generar el mayor impacto y llevar a cabo nuestras acciones m\u00e1s efectivas.","robots":{"index":"index","follow":"follow","max-snippet":"max-snippet:-1","max-image-preview":"max-image-preview:large","max-video-preview":"max-video-preview:-1"},"canonical":"https:\/\/urbaninput.es\/es\/nuestro-legado\/","og_locale":"es_ES","og_type":"article","og_title":"Nuestra experiencia & ASG - Ambientales, Sociales y de Gobernanza | Urban input","og_description":"Nos manifestamos a trav\u00e9s de nuestros proyectos, donde podemos generar el mayor impacto y llevar a cabo nuestras acciones m\u00e1s efectivas.","og_url":"https:\/\/urbaninput.es\/es\/nuestro-legado\/","og_site_name":"Urban Input","article_modified_time":"2025-02-10T09:17:48+00:00","twitter_card":"summary_large_image","schema":{"@context":"https:\/\/schema.org","@graph":[{"@type":"WebPage","@id":"https:\/\/urbaninput.es\/es\/nuestro-legado\/","url":"https:\/\/urbaninput.es\/es\/nuestro-legado\/","name":"Nuestra experiencia & ASG - Ambientales, Sociales y de Gobernanza | Urban input","isPartOf":{"@id":"https:\/\/urbaninput.es\/#website"},"datePublished":"2024-12-20T12:41:55+00:00","dateModified":"2025-02-10T09:17:48+00:00","description":"Nos manifestamos a trav\u00e9s de nuestros proyectos, donde podemos generar el mayor impacto y llevar a cabo nuestras acciones m\u00e1s efectivas.","breadcrumb":{"@id":"https:\/\/urbaninput.es\/es\/nuestro-legado\/#breadcrumb"},"inLanguage":"es","potentialAction":[{"@type":"ReadAction","target":["https:\/\/urbaninput.es\/es\/nuestro-legado\/"]}]},{"@type":"BreadcrumbList","@id":"https:\/\/urbaninput.es\/es\/nuestro-legado\/#breadcrumb","itemListElement":[{"@type":"ListItem","position":1,"name":"Home","item":"https:\/\/urbaninput.es\/es\/"},{"@type":"ListItem","position":2,"name":"Nuestro legado"}]},{"@type":"WebSite","@id":"https:\/\/urbaninput.es\/#website","url":"https:\/\/urbaninput.es\/","name":"Urban Input","description":"","potentialAction":[{"@type":"SearchAction","target":{"@type":"EntryPoint","urlTemplate":"https:\/\/urbaninput.es\/?s={search_term_string}"},"query-input":{"@type":"PropertyValueSpecification","valueRequired":true,"valueName":"search_term_string"}}],"inLanguage":"es"}]}},"_links":{"self":[{"href":"https:\/\/urbaninput.es\/es\/wp-json\/wp\/v2\/pages\/658","targetHints":{"allow":["GET"]}}],"collection":[{"href":"https:\/\/urbaninput.es\/es\/wp-json\/wp\/v2\/pages"}],"about":[{"href":"https:\/\/urbaninput.es\/es\/wp-json\/wp\/v2\/types\/page"}],"author":[{"embeddable":true,"href":"https:\/\/urbaninput.es\/es\/wp-json\/wp\/v2\/users\/1"}],"replies":[{"embeddable":true,"href":"https:\/\/urbaninput.es\/es\/wp-json\/wp\/v2\/comments?post=658"}],"version-history":[{"count":3,"href":"https:\/\/urbaninput.es\/es\/wp-json\/wp\/v2\/pages\/658\/revisions"}],"predecessor-version":[{"id":749,"href":"https:\/\/urbaninput.es\/es\/wp-json\/wp\/v2\/pages\/658\/revisions\/749"}],"wp:attachment":[{"href":"https:\/\/urbaninput.es\/es\/wp-json\/wp\/v2\/media?parent=658"}],"curies":[{"name":"wp","href":"https:\/\/api.w.org\/{rel}","templated":true}]}}