{"id":660,"date":"2024-12-20T13:42:28","date_gmt":"2024-12-20T12:42:28","guid":{"rendered":"https:\/\/urbaninput.es\/legal-note\/"},"modified":"2025-02-10T10:09:29","modified_gmt":"2025-02-10T09:09:29","slug":"nota-legal","status":"publish","type":"page","link":"https:\/\/urbaninput.es\/es\/nota-legal\/","title":{"rendered":"Nota legal"},"content":{"rendered":"\n<p class=\"pb-28 lg:pb-1_85vw mw:pb-28 last:pb-0\" >URBAN INPUT, S.L. complies with the requirements established in the current legislation on protection of personal information, and e-commerce data. To this end, it has created the following Legal notice:<\/p>\n\n\n\n<h2 class=\"w-full font-bold text-24-28 lg:text-1_58vw-1_85vw mw:text-24-28 py-24 lg:py-2_11vw mw:py-32 first:pt-0 first:lg:pt-0 text-black\"  class=\"wp-block-heading\">Information<\/h2>\n\n\n\n<p class=\"pb-28 lg:pb-1_85vw mw:pb-28 last:pb-0\" >Owner: URBAN INPUT, S.L.. Taxpayer Id. no. B-63333280. Registration data: Registro Mercantil de Barcelona, Tomo 36.050, Folio 27, Hoja B-278420. Domain name: www.urbaninput.es<\/p>\n\n\n\n<h2 class=\"w-full font-bold text-24-28 lg:text-1_58vw-1_85vw mw:text-24-28 py-24 lg:py-2_11vw mw:py-32 first:pt-0 first:lg:pt-0 text-black\"  class=\"wp-block-heading\">Contact<\/h2>\n\n\n\n<p class=\"pb-28 lg:pb-1_85vw mw:pb-28 last:pb-0\" >Address: Paseo de Gracia, 77, 1st floor. 08008 Barcelona.<br>Tel.: <a href=\"tel:34933427670\">+34 93 342 7670<\/a><br>E-mail: <a href=\"mailto:dpo@urbaninput.es\">dpo@urbaninput.es<\/a><\/p>\n\n\n\n<h2 class=\"w-full font-bold text-24-28 lg:text-1_58vw-1_85vw mw:text-24-28 py-24 lg:py-2_11vw mw:py-32 first:pt-0 first:lg:pt-0 text-black\"  class=\"wp-block-heading\">Terms of use<\/h2>\n\n\n\n<p class=\"pb-28 lg:pb-1_85vw mw:pb-28 last:pb-0\" >Any person who accesses this website assumes the role of user, undertaking compliance and compliance with rigorous here arranged, as well as any other legal provision that outside application.<\/p>\n\n\n\n<p class=\"pb-28 lg:pb-1_85vw mw:pb-28 last:pb-0\" >URBAN INPUT, S.L. reserves the right to modify any information that may appear on the Web site, without any forewarning or users to such obligations, meaning enough with the publication in your Web site.<\/p>\n\n\n\n<p class=\"pb-28 lg:pb-1_85vw mw:pb-28 last:pb-0\" >You fully and unreservedly agree the provisions contained in this Legal notice, in the version published by URBAN INPUT, S.L. at the same moment that the user accesses the Web site.<\/p>\n\n\n\n<p class=\"pb-28 lg:pb-1_85vw mw:pb-28 last:pb-0\" >The Web site can be visited freely and the user undertakes to use the contents and services in accordance with the law, morality, good manners and this Legal Notice. To this end, the user will not use the website for purposes or effects that are illicit, prohibited and harmful of rights and interests of third parties.<\/p>\n\n\n\n<p class=\"pb-28 lg:pb-1_85vw mw:pb-28 last:pb-0\" >URBAN INPUT, S.L. is not responsible for any errors or omissions, the contents of the Web site or other content which may be accessed through it, or for damages arising from the use of the Web site, or for any action taken on the basis the information provided therein.<\/p>\n\n\n\n<p class=\"pb-28 lg:pb-1_85vw mw:pb-28 last:pb-0\" >URBAN INPUT, S.L. nor guarantee the absence of viruses or other harmful elements that may cause damage or alterations in the computer system, electronic documents or files of the users of the Web site, or answers for damages that such elements may cause to users or third parties.<\/p>\n\n\n\n<p class=\"pb-28 lg:pb-1_85vw mw:pb-28 last:pb-0\" >The website is informative, so its contents can be modified, extended or deleted at any time, without prior notice.<\/p>\n\n\n\n<p class=\"pb-28 lg:pb-1_85vw mw:pb-28 last:pb-0\" >URBAN INPUT, S.L. reserves the right to update the contents of the Web site and\/or remove them, as well as limit and prevent access to them, whether temporarily or permanently, without notice.<\/p>\n\n\n\n<h2 class=\"w-full font-bold text-24-28 lg:text-1_58vw-1_85vw mw:text-24-28 py-24 lg:py-2_11vw mw:py-32 first:pt-0 first:lg:pt-0 text-black\"  class=\"wp-block-heading\">Intellectual and industrial property rights<\/h2>\n\n\n\n<p class=\"pb-28 lg:pb-1_85vw mw:pb-28 last:pb-0\" >All rights of intellectual property of the Web site and all its contents (texts, images, designs, creativities, software, code source, fragment of audio, computer programs, digital downloads, data bases, names, trade, marks, logos, or any other distinctive sign, etc.) that are or have formed part of it at some point, are protected by law and belong to URBAN INPUT, S.L.<\/p>\n\n\n\n<p class=\"pb-28 lg:pb-1_85vw mw:pb-28 last:pb-0\" >In no event shall mean that access to and use of the Web site implies the renunciation, transmission, license, transfer, totally or partially, or authorization of any kind, for the exploitation, reproduction, public communication, broadcasting, dissemination and\/or transformation or the website, its contents, understood the scale indicated in the previous point, nor the intellectual and\/or industrial property rights inherent thereto.<\/p>\n\n\n\n<h2 class=\"w-full font-bold text-24-28 lg:text-1_58vw-1_85vw mw:text-24-28 py-24 lg:py-2_11vw mw:py-32 first:pt-0 first:lg:pt-0 text-black\"  class=\"wp-block-heading\">Links<\/h2>\n\n\n\n<p class=\"pb-28 lg:pb-1_85vw mw:pb-28 last:pb-0\" >The Company assumes no responsibility for the content, information or services that may offer the links presented on our website, and which are purely informative.<\/p>\n\n\n\n<h2 class=\"w-full font-bold text-24-28 lg:text-1_58vw-1_85vw mw:text-24-28 py-24 lg:py-2_11vw mw:py-32 first:pt-0 first:lg:pt-0 text-black\"  class=\"wp-block-heading\">Applicable legislation<\/h2>\n\n\n\n<p class=\"pb-28 lg:pb-1_85vw mw:pb-28 last:pb-0\" >This website is governed by Spanish law.<\/p>\n","protected":false},"excerpt":{"rendered":"<p>URBAN INPUT, S.L. complies with the requirements established in the current legislation on protection of personal information, and e-commerce data. To this end, it has created the following Legal notice: Information Owner: URBAN INPUT, S.L.. Taxpayer Id. no. B-63333280. Registration data: Registro Mercantil de Barcelona, Tomo 36.050, Folio 27, Hoja B-278420. Domain name: www.urbaninput.es Contact [&hellip;]<\/p>\n","protected":false},"author":1,"featured_media":0,"parent":0,"menu_order":0,"comment_status":"closed","ping_status":"closed","template":"page-legals.php","meta":{"_acf_changed":false,"footnotes":""},"class_list":["post-660","page","type-page","status-publish","hentry"],"acf":[],"yoast_head":"<!-- This site is optimized with the Yoast SEO plugin v24.3 - https:\/\/yoast.com\/wordpress\/plugins\/seo\/ -->\n<title>Nota legal | Urban Input<\/title>\n<meta name=\"description\" content=\"URBAN INPUT S.L. cumple con los requisitos establecidos en la legislaci\u00f3n vigente en materia de protecci\u00f3n de datos personales y de datos de comercio electr\u00f3nico.\" \/>\n<meta name=\"robots\" content=\"index, follow, max-snippet:-1, max-image-preview:large, max-video-preview:-1\" \/>\n<link rel=\"canonical\" href=\"https:\/\/urbaninput.es\/es\/nota-legal\/\" \/>\n<meta property=\"og:locale\" content=\"es_ES\" \/>\n<meta property=\"og:type\" content=\"article\" \/>\n<meta property=\"og:title\" content=\"Nota legal | Urban Input\" \/>\n<meta property=\"og:description\" content=\"URBAN INPUT S.L. cumple con los requisitos establecidos en la legislaci\u00f3n vigente en materia de protecci\u00f3n de datos personales y de datos de comercio electr\u00f3nico.\" \/>\n<meta property=\"og:url\" content=\"https:\/\/urbaninput.es\/es\/nota-legal\/\" \/>\n<meta property=\"og:site_name\" content=\"Urban Input\" \/>\n<meta property=\"article:modified_time\" content=\"2025-02-10T09:09:29+00:00\" \/>\n<meta name=\"twitter:card\" content=\"summary_large_image\" \/>\n<meta name=\"twitter:label1\" content=\"Tiempo de lectura\" \/>\n\t<meta name=\"twitter:data1\" content=\"3 minutos\" \/>\n<script type=\"application\/ld+json\" class=\"yoast-schema-graph\">{\"@context\":\"https:\/\/schema.org\",\"@graph\":[{\"@type\":\"WebPage\",\"@id\":\"https:\/\/urbaninput.es\/es\/nota-legal\/\",\"url\":\"https:\/\/urbaninput.es\/es\/nota-legal\/\",\"name\":\"Nota legal | Urban Input\",\"isPartOf\":{\"@id\":\"https:\/\/urbaninput.es\/#website\"},\"datePublished\":\"2024-12-20T12:42:28+00:00\",\"dateModified\":\"2025-02-10T09:09:29+00:00\",\"description\":\"URBAN INPUT S.L. cumple con los requisitos establecidos en la legislaci\u00f3n vigente en materia de protecci\u00f3n de datos personales y de datos de comercio electr\u00f3nico.\",\"breadcrumb\":{\"@id\":\"https:\/\/urbaninput.es\/es\/nota-legal\/#breadcrumb\"},\"inLanguage\":\"es\",\"potentialAction\":[{\"@type\":\"ReadAction\",\"target\":[\"https:\/\/urbaninput.es\/es\/nota-legal\/\"]}]},{\"@type\":\"BreadcrumbList\",\"@id\":\"https:\/\/urbaninput.es\/es\/nota-legal\/#breadcrumb\",\"itemListElement\":[{\"@type\":\"ListItem\",\"position\":1,\"name\":\"Home\",\"item\":\"https:\/\/urbaninput.es\/es\/\"},{\"@type\":\"ListItem\",\"position\":2,\"name\":\"Nota legal\"}]},{\"@type\":\"WebSite\",\"@id\":\"https:\/\/urbaninput.es\/#website\",\"url\":\"https:\/\/urbaninput.es\/\",\"name\":\"Urban Input\",\"description\":\"\",\"potentialAction\":[{\"@type\":\"SearchAction\",\"target\":{\"@type\":\"EntryPoint\",\"urlTemplate\":\"https:\/\/urbaninput.es\/?s={search_term_string}\"},\"query-input\":{\"@type\":\"PropertyValueSpecification\",\"valueRequired\":true,\"valueName\":\"search_term_string\"}}],\"inLanguage\":\"es\"}]}<\/script>\n<!-- \/ Yoast SEO plugin. -->","yoast_head_json":{"title":"Nota legal | Urban Input","description":"URBAN INPUT S.L. cumple con los requisitos establecidos en la legislaci\u00f3n vigente en materia de protecci\u00f3n de datos personales y de datos de comercio electr\u00f3nico.","robots":{"index":"index","follow":"follow","max-snippet":"max-snippet:-1","max-image-preview":"max-image-preview:large","max-video-preview":"max-video-preview:-1"},"canonical":"https:\/\/urbaninput.es\/es\/nota-legal\/","og_locale":"es_ES","og_type":"article","og_title":"Nota legal | Urban Input","og_description":"URBAN INPUT S.L. cumple con los requisitos establecidos en la legislaci\u00f3n vigente en materia de protecci\u00f3n de datos personales y de datos de comercio electr\u00f3nico.","og_url":"https:\/\/urbaninput.es\/es\/nota-legal\/","og_site_name":"Urban Input","article_modified_time":"2025-02-10T09:09:29+00:00","twitter_card":"summary_large_image","twitter_misc":{"Tiempo de lectura":"3 minutos"},"schema":{"@context":"https:\/\/schema.org","@graph":[{"@type":"WebPage","@id":"https:\/\/urbaninput.es\/es\/nota-legal\/","url":"https:\/\/urbaninput.es\/es\/nota-legal\/","name":"Nota legal | Urban Input","isPartOf":{"@id":"https:\/\/urbaninput.es\/#website"},"datePublished":"2024-12-20T12:42:28+00:00","dateModified":"2025-02-10T09:09:29+00:00","description":"URBAN INPUT S.L. cumple con los requisitos establecidos en la legislaci\u00f3n vigente en materia de protecci\u00f3n de datos personales y de datos de comercio electr\u00f3nico.","breadcrumb":{"@id":"https:\/\/urbaninput.es\/es\/nota-legal\/#breadcrumb"},"inLanguage":"es","potentialAction":[{"@type":"ReadAction","target":["https:\/\/urbaninput.es\/es\/nota-legal\/"]}]},{"@type":"BreadcrumbList","@id":"https:\/\/urbaninput.es\/es\/nota-legal\/#breadcrumb","itemListElement":[{"@type":"ListItem","position":1,"name":"Home","item":"https:\/\/urbaninput.es\/es\/"},{"@type":"ListItem","position":2,"name":"Nota legal"}]},{"@type":"WebSite","@id":"https:\/\/urbaninput.es\/#website","url":"https:\/\/urbaninput.es\/","name":"Urban Input","description":"","potentialAction":[{"@type":"SearchAction","target":{"@type":"EntryPoint","urlTemplate":"https:\/\/urbaninput.es\/?s={search_term_string}"},"query-input":{"@type":"PropertyValueSpecification","valueRequired":true,"valueName":"search_term_string"}}],"inLanguage":"es"}]}},"_links":{"self":[{"href":"https:\/\/urbaninput.es\/es\/wp-json\/wp\/v2\/pages\/660","targetHints":{"allow":["GET"]}}],"collection":[{"href":"https:\/\/urbaninput.es\/es\/wp-json\/wp\/v2\/pages"}],"about":[{"href":"https:\/\/urbaninput.es\/es\/wp-json\/wp\/v2\/types\/page"}],"author":[{"embeddable":true,"href":"https:\/\/urbaninput.es\/es\/wp-json\/wp\/v2\/users\/1"}],"replies":[{"embeddable":true,"href":"https:\/\/urbaninput.es\/es\/wp-json\/wp\/v2\/comments?post=660"}],"version-history":[{"count":2,"href":"https:\/\/urbaninput.es\/es\/wp-json\/wp\/v2\/pages\/660\/revisions"}],"predecessor-version":[{"id":713,"href":"https:\/\/urbaninput.es\/es\/wp-json\/wp\/v2\/pages\/660\/revisions\/713"}],"wp:attachment":[{"href":"https:\/\/urbaninput.es\/es\/wp-json\/wp\/v2\/media?parent=660"}],"curies":[{"name":"wp","href":"https:\/\/api.w.org\/{rel}","templated":true}]}}